{"id":126,"date":"2025-11-19T14:26:03","date_gmt":"2025-11-19T14:26:03","guid":{"rendered":"http:\/\/hotel-gamma-milano.ms3.decms.eu\/?page_id=126"},"modified":"2026-01-15T13:48:42","modified_gmt":"2026-01-15T13:48:42","slug":"contactos","status":"publish","type":"page","link":"https:\/\/www.hotelgammamilano.it\/es\/contactos\/","title":{"rendered":"Contactos"},"content":{"rendered":"\n                <div class='gf_browser_gecko gform_wrapper' id='gform_wrapper_4' ><div id='gf_4' class='gform_anchor' tabindex='-1'><\/div><form method='post' enctype='multipart\/form-data' target='gform_ajax_frame_4' id='gform_4'  action='\/es\/wp-json\/wp\/v2\/pages\/126#gf_4'>\n                        <div class='gform_body'><ul id='gform_fields_4' class='gform_fields top_label form_sublabel_below description_below'><li id='field_4_1'  class='gfield gfield_contains_required field_sublabel_hidden_label field_description_below gfield_visibility_visible' ><label class='gfield_label gfield_label_before_complex'  >Nombre y Apellido<span class='gfield_required'>*<\/span><\/label><div class='ginput_complex ginput_container no_prefix has_first_name no_middle_name has_last_name no_suffix gf_name_has_2 ginput_container_name' id='input_4_1'>\n                            \n                            <span id='input_4_1_3_container' class='name_first' >\n                                                    <input type='text' name='input_1.3' id='input_4_1_3' value='' aria-label='Nombre'   aria-required=\"true\" aria-invalid=\"false\" placeholder='Nombre'\/>\n                                                    <label for='input_4_1_3' class='hidden_sub_label screen-reader-text'>Nombre<\/label>\n                                                <\/span>\n                            \n                            <span id='input_4_1_6_container' class='name_last' >\n                                                    <input type='text' name='input_1.6' id='input_4_1_6' value='' aria-label='Apellidos'   aria-required=\"true\" aria-invalid=\"false\" placeholder='Apellido'\/>\n                                                    <label for='input_4_1_6' class='hidden_sub_label screen-reader-text'>Apellidos<\/label>\n                                                <\/span>\n                            \n                        <\/div><\/li><li id='field_4_2'  class='gfield gfield_contains_required field_sublabel_below field_description_below gfield_visibility_visible' ><label class='gfield_label' for='input_4_2' >Correo electr\u00f3nico<span class='gfield_required'>*<\/span><\/label><div class='ginput_container ginput_container_email'>\n                            <input name='input_2' id='input_4_2' type='text' value='' class='medium'   placeholder='\u00bfD\u00f3nde podemos escribirle?' aria-required=\"true\" aria-invalid=\"false\" \/>\n                        <\/div><\/li><li id='field_4_3'  class='gfield field_sublabel_below field_description_below gfield_visibility_visible' ><label class='gfield_label' for='input_4_3' >Mensaje<\/label><div class='ginput_container ginput_container_textarea'><textarea name='input_3' id='input_4_3' class='textarea medium'    placeholder='Cu\u00e9ntenos qu\u00e9 necesita, estamos aqu\u00ed para ayudarle'  aria-invalid=\"false\"   rows='10' cols='50'><\/textarea><\/div><\/li><li id='field_4_6'  class='gfield gfield_contains_required field_sublabel_below field_description_below gfield_visibility_visible' ><label class='gfield_label'  >Pol\u00edtica de Privacidad<span class='gfield_required'>*<\/span><\/label><div class='ginput_container ginput_container_checkbox'><ul class='gfield_checkbox' id='input_4_6'><li class='gchoice_4_6_1'>\n\t\t\t\t\t\t\t\t<input name='input_6.1' type='checkbox'  value='Acepto la &lt;a href=&quot;\/es\/privacy-policy\/&quot;&gt;pol\u00edtica de privacidad.&lt;\/a&gt;'  id='choice_4_6_1'   \/>\n\t\t\t\t\t\t\t\t<label for='choice_4_6_1' id='label_4_6_1'>Acepto la <a href=\"\/es\/privacy-policy\/\">pol\u00edtica de privacidad.<\/a><\/label>\n\t\t\t\t\t\t\t<\/li><\/ul><\/div><\/li><li id='field_4_5'  class='gfield field_sublabel_below field_description_below gfield_visibility_visible' ><label class='gfield_label' for='input_4_5' >CAPTCHA<\/label><div id='input_4_5' class='ginput_container ginput_recaptcha' data-sitekey='6Leth4AsAAAAAPCdjJ-quz2JZ22jaCAJ4m0cHyXT'  data-theme='light' data-tabindex='0'  data-badge=''><\/div><\/li><li id='field_4_7'  class='gfield gform_validation_container field_sublabel_below field_description_below gfield_visibility_visible' ><label class='gfield_label' for='input_4_7' >Name<\/label><div class='ginput_container'><input name='input_7' id='input_4_7' type='text' value='' \/><\/div><div class='gfield_description' id='gfield_description_4_7'>Este campo es un campo de validaci\u00f3n y debe quedar sin cambios.<\/div><\/li>\n                            <\/ul><\/div>\n        <div class='gform_footer top_label'> <input type='submit' id='gform_submit_button_4' class='gform_button button' value='Enviar'  onclick='if(window[\"gf_submitting_4\"]){return false;}  window[\"gf_submitting_4\"]=true;  ' onkeypress='if( event.keyCode == 13 ){ if(window[\"gf_submitting_4\"]){return false;} window[\"gf_submitting_4\"]=true;  jQuery(\"#gform_4\").trigger(\"submit\",[true]); }' \/> <input type='hidden' name='gform_ajax' value='form_id=4&amp;title=&amp;description=&amp;tabindex=0' \/>\n            <input type='hidden' class='gform_hidden' name='is_submit_4' value='1' \/>\n            <input type='hidden' class='gform_hidden' name='gform_submit' value='4' \/>\n            \n            <input type='hidden' class='gform_hidden' name='gform_unique_id' value='' \/>\n            <input type='hidden' class='gform_hidden' name='state_4' value='WyJbXSIsIjRlYWM4NjFjNWMyZTRhNzBmYWZkNzdkN2NlNGRhZGFlIl0=' \/>\n            <input type='hidden' class='gform_hidden' name='gform_target_page_number_4' id='gform_target_page_number_4' value='0' \/>\n            <input type='hidden' class='gform_hidden' name='gform_source_page_number_4' id='gform_source_page_number_4' value='1' \/>\n            <input type='hidden' name='gform_field_values' value='' \/>\n            \n        <\/div>\n                        <\/form>\n                        <\/div>\n                <iframe style='display:none;width:0px;height:0px;' src='about:blank' name='gform_ajax_frame_4' id='gform_ajax_frame_4' title='Este iframe contiene la l\u00f3gica necesaria para gestionar formularios con ajax activado.'><\/iframe>\n                <script type='text\/javascript'>jQuery(document).ready(function($){gformInitSpinner( 4, 'data:image\/gif;base64,R0lGODlhAQABAIAAAAAAAP\/\/\/yH5BAEAAAAALAAAAAABAAEAAAIBRAA7' );jQuery('#gform_ajax_frame_4').on('load',function(){var contents = jQuery(this).contents().find('*').html();var is_postback = contents.indexOf('GF_AJAX_POSTBACK') >= 0;if(!is_postback){return;}var form_content = jQuery(this).contents().find('#gform_wrapper_4');var is_confirmation = jQuery(this).contents().find('#gform_confirmation_wrapper_4').length > 0;var is_redirect = contents.indexOf('gformRedirect(){') >= 0;var is_form = form_content.length > 0 && ! is_redirect && ! is_confirmation;var mt = parseInt(jQuery('html').css('margin-top'), 10) + parseInt(jQuery('body').css('margin-top'), 10) + 100;if(is_form){jQuery('#gform_wrapper_4').html(form_content.html());if(form_content.hasClass('gform_validation_error')){jQuery('#gform_wrapper_4').addClass('gform_validation_error');} else {jQuery('#gform_wrapper_4').removeClass('gform_validation_error');}setTimeout( function() { \/* delay the scroll by 50 milliseconds to fix a bug in chrome *\/ jQuery(document).scrollTop(jQuery('#gform_wrapper_4').offset().top - mt); }, 50 );if(window['gformInitDatepicker']) {gformInitDatepicker();}if(window['gformInitPriceFields']) {gformInitPriceFields();}var current_page = jQuery('#gform_source_page_number_4').val();gformInitSpinner( 4, 'data:image\/gif;base64,R0lGODlhAQABAIAAAAAAAP\/\/\/yH5BAEAAAAALAAAAAABAAEAAAIBRAA7' );jQuery(document).trigger('gform_page_loaded', [4, current_page]);window['gf_submitting_4'] = false;}else if(!is_redirect){var confirmation_content = jQuery(this).contents().find('.GF_AJAX_POSTBACK').html();if(!confirmation_content){confirmation_content = contents;}setTimeout(function(){jQuery('#gform_wrapper_4').replaceWith(confirmation_content);jQuery(document).scrollTop(jQuery('#gf_4').offset().top - mt);jQuery(document).trigger('gform_confirmation_loaded', [4]);window['gf_submitting_4'] = false;}, 50);}else{jQuery('#gform_4').append(contents);if(window['gformRedirect']) {gformRedirect();}}jQuery(document).trigger('gform_post_render', [4, current_page]);} );} );<\/script><script type='text\/javascript'> jQuery(document).bind('gform_post_render', function(event, formId, currentPage){if(formId == 4) {if(typeof Placeholders != 'undefined'){\n                        Placeholders.enable();\n                    }} } );jQuery(document).bind('gform_post_conditional_logic', function(event, formId, fields, isInit){} );<\/script><script type='text\/javascript'> jQuery(document).ready(function(){jQuery(document).trigger('gform_post_render', [4, 1]) } ); <\/script>\n","protected":false},"excerpt":{"rendered":"","protected":false},"author":9,"featured_media":0,"parent":0,"menu_order":900,"comment_status":"closed","ping_status":"closed","template":"template-contacts.php","meta":{"footnotes":""},"class_list":["post-126","page","type-page","status-publish","hentry"],"yoast_head":"<!-- This site is optimized with the Yoast SEO plugin v26.9 - https:\/\/yoast.com\/product\/yoast-seo-wordpress\/ -->\n<title>Contactos &#8211; Hotel Gamma Milano<\/title>\n<meta name=\"description\" content=\"[gravityform id=&quot;4&quot; title=&quot;false&quot; description=&quot;false&quot; ajax=&quot;true&quot;].\" \/>\n<meta name=\"robots\" content=\"index, follow, max-snippet:-1, max-image-preview:large, max-video-preview:-1\" \/>\n<link rel=\"canonical\" href=\"https:\/\/www.hotelgammamilano.it\/es\/contactos\/\" \/>\n<meta property=\"og:locale\" content=\"es_ES\" \/>\n<meta property=\"og:type\" content=\"article\" \/>\n<meta property=\"og:title\" content=\"Contactos &#8211; Hotel Gamma Milano\" \/>\n<meta property=\"og:description\" content=\"[gravityform id=&quot;4&quot; title=&quot;false&quot; description=&quot;false&quot; ajax=&quot;true&quot;].\" \/>\n<meta property=\"og:url\" content=\"https:\/\/www.hotelgammamilano.it\/es\/contactos\/\" \/>\n<meta property=\"og:site_name\" content=\"Hotel Gamma Milano\" \/>\n<meta property=\"article:modified_time\" content=\"2026-01-15T13:48:42+00:00\" \/>\n<meta property=\"og:image\" content=\"https:\/\/www.hotelgammamilano.it\/wp-content\/uploads\/sites\/16\/2025\/12\/Facciata-14.jpg\" \/>\n\t<meta property=\"og:image:width\" content=\"2200\" \/>\n\t<meta property=\"og:image:height\" content=\"1525\" \/>\n\t<meta property=\"og:image:type\" content=\"image\/jpeg\" \/>\n<meta name=\"twitter:card\" content=\"summary_large_image\" \/>\n<meta name=\"twitter:label1\" content=\"Est. reading time\" \/>\n\t<meta name=\"twitter:data1\" content=\"1 minuto\" \/>\n<script type=\"application\/ld+json\" class=\"yoast-schema-graph\">{\"@context\":\"https:\/\/schema.org\",\"@graph\":[{\"@type\":\"WebPage\",\"@id\":\"https:\/\/www.hotelgammamilano.it\/es\/contactos\/\",\"url\":\"https:\/\/www.hotelgammamilano.it\/es\/contactos\/\",\"name\":\"Contactos &#8211; Hotel Gamma Milano\",\"isPartOf\":{\"@id\":\"https:\/\/www.hotelgammamilano.it\/es\/#website\"},\"datePublished\":\"2025-11-19T14:26:03+00:00\",\"dateModified\":\"2026-01-15T13:48:42+00:00\",\"description\":\"[gravityform id=\\\"4\\\" title=\\\"false\\\" description=\\\"false\\\" ajax=\\\"true\\\"].\",\"breadcrumb\":{\"@id\":\"https:\/\/www.hotelgammamilano.it\/es\/contactos\/#breadcrumb\"},\"inLanguage\":\"es\",\"potentialAction\":[{\"@type\":\"ReadAction\",\"target\":[\"https:\/\/www.hotelgammamilano.it\/es\/contactos\/\"]}]},{\"@type\":\"BreadcrumbList\",\"@id\":\"https:\/\/www.hotelgammamilano.it\/es\/contactos\/#breadcrumb\",\"itemListElement\":[{\"@type\":\"ListItem\",\"position\":1,\"name\":\"Home\",\"item\":\"https:\/\/www.hotelgammamilano.it\/es\/\"},{\"@type\":\"ListItem\",\"position\":2,\"name\":\"Contactos\"}]},{\"@type\":\"WebSite\",\"@id\":\"https:\/\/www.hotelgammamilano.it\/es\/#website\",\"url\":\"https:\/\/www.hotelgammamilano.it\/es\/\",\"name\":\"Hotel Gamma Milano\",\"description\":\"\",\"publisher\":{\"@id\":\"https:\/\/www.hotelgammamilano.it\/es\/#organization\"},\"alternateName\":\"Hotel Gamma Milano\",\"potentialAction\":[{\"@type\":\"SearchAction\",\"target\":{\"@type\":\"EntryPoint\",\"urlTemplate\":\"https:\/\/www.hotelgammamilano.it\/es\/?s={search_term_string}\"},\"query-input\":{\"@type\":\"PropertyValueSpecification\",\"valueRequired\":true,\"valueName\":\"search_term_string\"}}],\"inLanguage\":\"es\"},{\"@type\":\"Organization\",\"@id\":\"https:\/\/www.hotelgammamilano.it\/es\/#organization\",\"name\":\"Hotel Gamma Milano\",\"alternateName\":\"Hotel Gamma Milano\",\"url\":\"https:\/\/www.hotelgammamilano.it\/es\/\",\"logo\":{\"@type\":\"ImageObject\",\"inLanguage\":\"es\",\"@id\":\"https:\/\/www.hotelgammamilano.it\/es\/#\/schema\/logo\/image\/\",\"url\":\"http:\/\/hotel-gamma-milano.ms3.decms.eu\/wp-content\/uploads\/sites\/16\/2026\/01\/logo_gold.png\",\"contentUrl\":\"http:\/\/hotel-gamma-milano.ms3.decms.eu\/wp-content\/uploads\/sites\/16\/2026\/01\/logo_gold.png\",\"width\":994,\"height\":254,\"caption\":\"Hotel Gamma Milano\"},\"image\":{\"@id\":\"https:\/\/www.hotelgammamilano.it\/es\/#\/schema\/logo\/image\/\"}}]}<\/script>\n<!-- \/ Yoast SEO plugin. -->","yoast_head_json":{"title":"Contactos &#8211; Hotel Gamma Milano","description":"[gravityform id=\"4\" title=\"false\" description=\"false\" ajax=\"true\"].","robots":{"index":"index","follow":"follow","max-snippet":"max-snippet:-1","max-image-preview":"max-image-preview:large","max-video-preview":"max-video-preview:-1"},"canonical":"https:\/\/www.hotelgammamilano.it\/es\/contactos\/","og_locale":"es_ES","og_type":"article","og_title":"Contactos &#8211; Hotel Gamma Milano","og_description":"[gravityform id=\"4\" title=\"false\" description=\"false\" ajax=\"true\"].","og_url":"https:\/\/www.hotelgammamilano.it\/es\/contactos\/","og_site_name":"Hotel Gamma Milano","article_modified_time":"2026-01-15T13:48:42+00:00","og_image":[{"width":2200,"height":1525,"url":"https:\/\/www.hotelgammamilano.it\/wp-content\/uploads\/sites\/16\/2025\/12\/Facciata-14.jpg","type":"image\/jpeg"}],"twitter_card":"summary_large_image","twitter_misc":{"Est. reading time":"1 minuto"},"schema":{"@context":"https:\/\/schema.org","@graph":[{"@type":"WebPage","@id":"https:\/\/www.hotelgammamilano.it\/es\/contactos\/","url":"https:\/\/www.hotelgammamilano.it\/es\/contactos\/","name":"Contactos &#8211; Hotel Gamma Milano","isPartOf":{"@id":"https:\/\/www.hotelgammamilano.it\/es\/#website"},"datePublished":"2025-11-19T14:26:03+00:00","dateModified":"2026-01-15T13:48:42+00:00","description":"[gravityform id=\"4\" title=\"false\" description=\"false\" ajax=\"true\"].","breadcrumb":{"@id":"https:\/\/www.hotelgammamilano.it\/es\/contactos\/#breadcrumb"},"inLanguage":"es","potentialAction":[{"@type":"ReadAction","target":["https:\/\/www.hotelgammamilano.it\/es\/contactos\/"]}]},{"@type":"BreadcrumbList","@id":"https:\/\/www.hotelgammamilano.it\/es\/contactos\/#breadcrumb","itemListElement":[{"@type":"ListItem","position":1,"name":"Home","item":"https:\/\/www.hotelgammamilano.it\/es\/"},{"@type":"ListItem","position":2,"name":"Contactos"}]},{"@type":"WebSite","@id":"https:\/\/www.hotelgammamilano.it\/es\/#website","url":"https:\/\/www.hotelgammamilano.it\/es\/","name":"Hotel Gamma Milano","description":"","publisher":{"@id":"https:\/\/www.hotelgammamilano.it\/es\/#organization"},"alternateName":"Hotel Gamma Milano","potentialAction":[{"@type":"SearchAction","target":{"@type":"EntryPoint","urlTemplate":"https:\/\/www.hotelgammamilano.it\/es\/?s={search_term_string}"},"query-input":{"@type":"PropertyValueSpecification","valueRequired":true,"valueName":"search_term_string"}}],"inLanguage":"es"},{"@type":"Organization","@id":"https:\/\/www.hotelgammamilano.it\/es\/#organization","name":"Hotel Gamma Milano","alternateName":"Hotel Gamma Milano","url":"https:\/\/www.hotelgammamilano.it\/es\/","logo":{"@type":"ImageObject","inLanguage":"es","@id":"https:\/\/www.hotelgammamilano.it\/es\/#\/schema\/logo\/image\/","url":"http:\/\/hotel-gamma-milano.ms3.decms.eu\/wp-content\/uploads\/sites\/16\/2026\/01\/logo_gold.png","contentUrl":"http:\/\/hotel-gamma-milano.ms3.decms.eu\/wp-content\/uploads\/sites\/16\/2026\/01\/logo_gold.png","width":994,"height":254,"caption":"Hotel Gamma Milano"},"image":{"@id":"https:\/\/www.hotelgammamilano.it\/es\/#\/schema\/logo\/image\/"}}]}},"acf":[],"_links":{"self":[{"href":"https:\/\/www.hotelgammamilano.it\/es\/wp-json\/wp\/v2\/pages\/126","targetHints":{"allow":["GET"]}}],"collection":[{"href":"https:\/\/www.hotelgammamilano.it\/es\/wp-json\/wp\/v2\/pages"}],"about":[{"href":"https:\/\/www.hotelgammamilano.it\/es\/wp-json\/wp\/v2\/types\/page"}],"author":[{"embeddable":true,"href":"https:\/\/www.hotelgammamilano.it\/es\/wp-json\/wp\/v2\/users\/9"}],"replies":[{"embeddable":true,"href":"https:\/\/www.hotelgammamilano.it\/es\/wp-json\/wp\/v2\/comments?post=126"}],"version-history":[{"count":0,"href":"https:\/\/www.hotelgammamilano.it\/es\/wp-json\/wp\/v2\/pages\/126\/revisions"}],"wp:attachment":[{"href":"https:\/\/www.hotelgammamilano.it\/es\/wp-json\/wp\/v2\/media?parent=126"}],"curies":[{"name":"wp","href":"https:\/\/api.w.org\/{rel}","templated":true}]}}