{"id":143,"date":"2025-12-18T17:46:52","date_gmt":"2025-12-18T17:46:52","guid":{"rendered":"http:\/\/hotel-gamma-milano.ms3.decms.eu\/?page_id=143"},"modified":"2026-01-16T09:45:55","modified_gmt":"2026-01-16T09:45:55","slug":"alrededores","status":"publish","type":"page","link":"https:\/\/www.hotelgammamilano.it\/es\/alrededores\/","title":{"rendered":"Alrededores"},"content":{"rendered":"<p>M\u00e1s all\u00e1 de la estaci\u00f3n de tren, nuestro <strong>hotel en Lambrate<\/strong> te sit\u00faa en el lugar perfecto para explorar el barrio y el resto de la ciudad.<\/p>\n<p>Hasta principios del siglo XX, nuestra zona era conocida por ser un barrio industrial que albergaba las grandes f\u00e1bricas de la ciudad. Hoy en d\u00eda, es un barrio joven y din\u00e1mico, repleto de arte urbano, tiendas independientes, cafeter\u00edas y cervecer\u00edas artesanales.<\/p>\n","protected":false},"excerpt":{"rendered":"<p>M\u00e1s all\u00e1 de la estaci\u00f3n de tren, nuestro hotel en Lambrate te sit\u00faa en el lugar perfecto para explorar el barrio y el resto de la ciudad. Hasta principios del siglo XX, nuestra zona era conocida por ser un barrio industrial que albergaba las grandes f\u00e1bricas de la ciudad. Hoy en d\u00eda, es un barrio [&hellip;]<\/p>\n","protected":false},"author":9,"featured_media":0,"parent":0,"menu_order":55,"comment_status":"closed","ping_status":"closed","template":"template-surroundings.php","meta":{"footnotes":""},"class_list":["post-143","page","type-page","status-publish","hentry"],"yoast_head":"<!-- This site is optimized with the Yoast SEO plugin v26.9 - https:\/\/yoast.com\/product\/yoast-seo-wordpress\/ -->\n<title>Alrededores &#8211; Hotel Gamma Milano<\/title>\n<meta name=\"description\" content=\"M\u00e1s all\u00e1 de la estaci\u00f3n de tren, nuestro hotel en Lambrate te sit\u00faa en el lugar perfecto para explorar el barrio y el resto de la ciudad.  Hasta principios del siglo XX, nuestra zona era conocida por ser un barrio industrial que albergaba las grandes f\u00e1bricas de la ciudad. Hoy en d\u00eda, es un barrio joven y din\u00e1mico, repleto de arte urbano, tiendas independientes, cafeter\u00edas y cervecer\u00edas artesanales.\" \/>\n<meta name=\"robots\" content=\"index, follow, max-snippet:-1, max-image-preview:large, max-video-preview:-1\" \/>\n<link rel=\"canonical\" href=\"https:\/\/www.hotelgammamilano.it\/es\/alrededores\/\" \/>\n<meta property=\"og:locale\" content=\"es_ES\" \/>\n<meta property=\"og:type\" content=\"article\" \/>\n<meta property=\"og:title\" content=\"Alrededores &#8211; Hotel Gamma Milano\" \/>\n<meta property=\"og:description\" content=\"M\u00e1s all\u00e1 de la estaci\u00f3n de tren, nuestro hotel en Lambrate te sit\u00faa en el lugar perfecto para explorar el barrio y el resto de la ciudad.  Hasta principios del siglo XX, nuestra zona era conocida por ser un barrio industrial que albergaba las grandes f\u00e1bricas de la ciudad. Hoy en d\u00eda, es un barrio joven y din\u00e1mico, repleto de arte urbano, tiendas independientes, cafeter\u00edas y cervecer\u00edas artesanales.\" \/>\n<meta property=\"og:url\" content=\"https:\/\/www.hotelgammamilano.it\/es\/alrededores\/\" \/>\n<meta property=\"og:site_name\" content=\"Hotel Gamma Milano\" \/>\n<meta property=\"article:modified_time\" content=\"2026-01-16T09:45:55+00:00\" \/>\n<meta property=\"og:image\" content=\"https:\/\/www.hotelgammamilano.it\/wp-content\/uploads\/sites\/16\/2025\/12\/Facciata-14.jpg\" \/>\n\t<meta property=\"og:image:width\" content=\"2200\" \/>\n\t<meta property=\"og:image:height\" content=\"1525\" \/>\n\t<meta property=\"og:image:type\" content=\"image\/jpeg\" \/>\n<meta name=\"twitter:card\" content=\"summary_large_image\" \/>\n<meta name=\"twitter:label1\" content=\"Est. reading time\" \/>\n\t<meta name=\"twitter:data1\" content=\"1 minuto\" \/>\n<script type=\"application\/ld+json\" class=\"yoast-schema-graph\">{\"@context\":\"https:\/\/schema.org\",\"@graph\":[{\"@type\":\"WebPage\",\"@id\":\"https:\/\/www.hotelgammamilano.it\/es\/alrededores\/\",\"url\":\"https:\/\/www.hotelgammamilano.it\/es\/alrededores\/\",\"name\":\"Alrededores &#8211; Hotel Gamma Milano\",\"isPartOf\":{\"@id\":\"https:\/\/www.hotelgammamilano.it\/es\/#website\"},\"datePublished\":\"2025-12-18T17:46:52+00:00\",\"dateModified\":\"2026-01-16T09:45:55+00:00\",\"description\":\"M\u00e1s all\u00e1 de la estaci\u00f3n de tren, nuestro hotel en Lambrate te sit\u00faa en el lugar perfecto para explorar el barrio y el resto de la ciudad. Hasta principios del siglo XX, nuestra zona era conocida por ser un barrio industrial que albergaba las grandes f\u00e1bricas de la ciudad. Hoy en d\u00eda, es un barrio joven y din\u00e1mico, repleto de arte urbano, tiendas independientes, cafeter\u00edas y cervecer\u00edas artesanales.\",\"breadcrumb\":{\"@id\":\"https:\/\/www.hotelgammamilano.it\/es\/alrededores\/#breadcrumb\"},\"inLanguage\":\"es\",\"potentialAction\":[{\"@type\":\"ReadAction\",\"target\":[\"https:\/\/www.hotelgammamilano.it\/es\/alrededores\/\"]}]},{\"@type\":\"BreadcrumbList\",\"@id\":\"https:\/\/www.hotelgammamilano.it\/es\/alrededores\/#breadcrumb\",\"itemListElement\":[{\"@type\":\"ListItem\",\"position\":1,\"name\":\"Home\",\"item\":\"https:\/\/www.hotelgammamilano.it\/es\/\"},{\"@type\":\"ListItem\",\"position\":2,\"name\":\"Alrededores\"}]},{\"@type\":\"WebSite\",\"@id\":\"https:\/\/www.hotelgammamilano.it\/es\/#website\",\"url\":\"https:\/\/www.hotelgammamilano.it\/es\/\",\"name\":\"Hotel Gamma Milano\",\"description\":\"\",\"publisher\":{\"@id\":\"https:\/\/www.hotelgammamilano.it\/es\/#organization\"},\"alternateName\":\"Hotel Gamma Milano\",\"potentialAction\":[{\"@type\":\"SearchAction\",\"target\":{\"@type\":\"EntryPoint\",\"urlTemplate\":\"https:\/\/www.hotelgammamilano.it\/es\/?s={search_term_string}\"},\"query-input\":{\"@type\":\"PropertyValueSpecification\",\"valueRequired\":true,\"valueName\":\"search_term_string\"}}],\"inLanguage\":\"es\"},{\"@type\":\"Organization\",\"@id\":\"https:\/\/www.hotelgammamilano.it\/es\/#organization\",\"name\":\"Hotel Gamma Milano\",\"alternateName\":\"Hotel Gamma Milano\",\"url\":\"https:\/\/www.hotelgammamilano.it\/es\/\",\"logo\":{\"@type\":\"ImageObject\",\"inLanguage\":\"es\",\"@id\":\"https:\/\/www.hotelgammamilano.it\/es\/#\/schema\/logo\/image\/\",\"url\":\"http:\/\/hotel-gamma-milano.ms3.decms.eu\/wp-content\/uploads\/sites\/16\/2026\/01\/logo_gold.png\",\"contentUrl\":\"http:\/\/hotel-gamma-milano.ms3.decms.eu\/wp-content\/uploads\/sites\/16\/2026\/01\/logo_gold.png\",\"width\":994,\"height\":254,\"caption\":\"Hotel Gamma Milano\"},\"image\":{\"@id\":\"https:\/\/www.hotelgammamilano.it\/es\/#\/schema\/logo\/image\/\"}}]}<\/script>\n<!-- \/ Yoast SEO plugin. -->","yoast_head_json":{"title":"Alrededores &#8211; Hotel Gamma Milano","description":"M\u00e1s all\u00e1 de la estaci\u00f3n de tren, nuestro hotel en Lambrate te sit\u00faa en el lugar perfecto para explorar el barrio y el resto de la ciudad.  Hasta principios del siglo XX, nuestra zona era conocida por ser un barrio industrial que albergaba las grandes f\u00e1bricas de la ciudad. Hoy en d\u00eda, es un barrio joven y din\u00e1mico, repleto de arte urbano, tiendas independientes, cafeter\u00edas y cervecer\u00edas artesanales.","robots":{"index":"index","follow":"follow","max-snippet":"max-snippet:-1","max-image-preview":"max-image-preview:large","max-video-preview":"max-video-preview:-1"},"canonical":"https:\/\/www.hotelgammamilano.it\/es\/alrededores\/","og_locale":"es_ES","og_type":"article","og_title":"Alrededores &#8211; Hotel Gamma Milano","og_description":"M\u00e1s all\u00e1 de la estaci\u00f3n de tren, nuestro hotel en Lambrate te sit\u00faa en el lugar perfecto para explorar el barrio y el resto de la ciudad.  Hasta principios del siglo XX, nuestra zona era conocida por ser un barrio industrial que albergaba las grandes f\u00e1bricas de la ciudad. Hoy en d\u00eda, es un barrio joven y din\u00e1mico, repleto de arte urbano, tiendas independientes, cafeter\u00edas y cervecer\u00edas artesanales.","og_url":"https:\/\/www.hotelgammamilano.it\/es\/alrededores\/","og_site_name":"Hotel Gamma Milano","article_modified_time":"2026-01-16T09:45:55+00:00","og_image":[{"width":2200,"height":1525,"url":"https:\/\/www.hotelgammamilano.it\/wp-content\/uploads\/sites\/16\/2025\/12\/Facciata-14.jpg","type":"image\/jpeg"}],"twitter_card":"summary_large_image","twitter_misc":{"Est. reading time":"1 minuto"},"schema":{"@context":"https:\/\/schema.org","@graph":[{"@type":"WebPage","@id":"https:\/\/www.hotelgammamilano.it\/es\/alrededores\/","url":"https:\/\/www.hotelgammamilano.it\/es\/alrededores\/","name":"Alrededores &#8211; Hotel Gamma Milano","isPartOf":{"@id":"https:\/\/www.hotelgammamilano.it\/es\/#website"},"datePublished":"2025-12-18T17:46:52+00:00","dateModified":"2026-01-16T09:45:55+00:00","description":"M\u00e1s all\u00e1 de la estaci\u00f3n de tren, nuestro hotel en Lambrate te sit\u00faa en el lugar perfecto para explorar el barrio y el resto de la ciudad. Hasta principios del siglo XX, nuestra zona era conocida por ser un barrio industrial que albergaba las grandes f\u00e1bricas de la ciudad. Hoy en d\u00eda, es un barrio joven y din\u00e1mico, repleto de arte urbano, tiendas independientes, cafeter\u00edas y cervecer\u00edas artesanales.","breadcrumb":{"@id":"https:\/\/www.hotelgammamilano.it\/es\/alrededores\/#breadcrumb"},"inLanguage":"es","potentialAction":[{"@type":"ReadAction","target":["https:\/\/www.hotelgammamilano.it\/es\/alrededores\/"]}]},{"@type":"BreadcrumbList","@id":"https:\/\/www.hotelgammamilano.it\/es\/alrededores\/#breadcrumb","itemListElement":[{"@type":"ListItem","position":1,"name":"Home","item":"https:\/\/www.hotelgammamilano.it\/es\/"},{"@type":"ListItem","position":2,"name":"Alrededores"}]},{"@type":"WebSite","@id":"https:\/\/www.hotelgammamilano.it\/es\/#website","url":"https:\/\/www.hotelgammamilano.it\/es\/","name":"Hotel Gamma Milano","description":"","publisher":{"@id":"https:\/\/www.hotelgammamilano.it\/es\/#organization"},"alternateName":"Hotel Gamma Milano","potentialAction":[{"@type":"SearchAction","target":{"@type":"EntryPoint","urlTemplate":"https:\/\/www.hotelgammamilano.it\/es\/?s={search_term_string}"},"query-input":{"@type":"PropertyValueSpecification","valueRequired":true,"valueName":"search_term_string"}}],"inLanguage":"es"},{"@type":"Organization","@id":"https:\/\/www.hotelgammamilano.it\/es\/#organization","name":"Hotel Gamma Milano","alternateName":"Hotel Gamma Milano","url":"https:\/\/www.hotelgammamilano.it\/es\/","logo":{"@type":"ImageObject","inLanguage":"es","@id":"https:\/\/www.hotelgammamilano.it\/es\/#\/schema\/logo\/image\/","url":"http:\/\/hotel-gamma-milano.ms3.decms.eu\/wp-content\/uploads\/sites\/16\/2026\/01\/logo_gold.png","contentUrl":"http:\/\/hotel-gamma-milano.ms3.decms.eu\/wp-content\/uploads\/sites\/16\/2026\/01\/logo_gold.png","width":994,"height":254,"caption":"Hotel Gamma Milano"},"image":{"@id":"https:\/\/www.hotelgammamilano.it\/es\/#\/schema\/logo\/image\/"}}]}},"acf":[],"_links":{"self":[{"href":"https:\/\/www.hotelgammamilano.it\/es\/wp-json\/wp\/v2\/pages\/143","targetHints":{"allow":["GET"]}}],"collection":[{"href":"https:\/\/www.hotelgammamilano.it\/es\/wp-json\/wp\/v2\/pages"}],"about":[{"href":"https:\/\/www.hotelgammamilano.it\/es\/wp-json\/wp\/v2\/types\/page"}],"author":[{"embeddable":true,"href":"https:\/\/www.hotelgammamilano.it\/es\/wp-json\/wp\/v2\/users\/9"}],"replies":[{"embeddable":true,"href":"https:\/\/www.hotelgammamilano.it\/es\/wp-json\/wp\/v2\/comments?post=143"}],"version-history":[{"count":0,"href":"https:\/\/www.hotelgammamilano.it\/es\/wp-json\/wp\/v2\/pages\/143\/revisions"}],"wp:attachment":[{"href":"https:\/\/www.hotelgammamilano.it\/es\/wp-json\/wp\/v2\/media?parent=143"}],"curies":[{"name":"wp","href":"https:\/\/api.w.org\/{rel}","templated":true}]}}