{"id":158,"date":"2025-11-19T15:33:22","date_gmt":"2025-11-19T15:33:22","guid":{"rendered":"http:\/\/hotel-gamma-milano.ms3.decms.eu\/?page_id=158"},"modified":"2026-01-21T15:39:48","modified_gmt":"2026-01-21T15:39:48","slug":"habitaciones-matrimonial-dobles","status":"publish","type":"page","link":"https:\/\/www.hotelgammamilano.it\/es\/habitaciones\/habitaciones-matrimonial-dobles\/","title":{"rendered":"Habitaciones Matrimonial o Dobles"},"content":{"rendered":"<p>Nuestras Habitaciones Dobles y Twin son perfectas para parejas, colegas o amigos que viajan juntos. Puedes elegir entre <strong>una c\u00f3moda cama doble (140\u00d7200 cm)<\/strong> o <strong>dos acogedoras camas individuales (90\u00d7200 cm)<\/strong>, seg\u00fan tus necesidades.<\/p>\n<p>Equipadas con aire acondicionado, suelo de parquet, TV, minibar y WiFi r\u00e1pido. Perfectas tanto para trabajar como para desconectar.<\/p>\n<p>Las habitaciones dan a la calle o al patio interior, y todas est\u00e1n insonorizadas, as\u00ed que podr\u00e1s disfrutar de un buen descanso en cualquier caso.<\/p>\n","protected":false},"excerpt":{"rendered":"<p>Nuestras Habitaciones Dobles y Twin son perfectas para parejas, colegas o amigos que viajan juntos. Puedes elegir entre una c\u00f3moda cama doble (140\u00d7200 cm) o dos acogedoras camas individuales (90\u00d7200 cm), seg\u00fan tus necesidades. Equipadas con aire acondicionado, suelo de parquet, TV, minibar y WiFi r\u00e1pido. Perfectas tanto para trabajar como para desconectar. Las habitaciones [&hellip;]<\/p>\n","protected":false},"author":9,"featured_media":0,"parent":164,"menu_order":9,"comment_status":"closed","ping_status":"closed","template":"template-single-room.php","meta":{"footnotes":""},"class_list":["post-158","page","type-page","status-publish","hentry"],"yoast_head":"<!-- This site is optimized with the Yoast SEO plugin v26.9 - https:\/\/yoast.com\/product\/yoast-seo-wordpress\/ -->\n<title>Habitaciones Matrimonial o Dobles &#8211; Hotel Gamma Milano<\/title>\n<meta name=\"description\" content=\"Nuestras Habitaciones Dobles y Twin son perfectas para parejas, colegas o amigos que viajan juntos. Puedes elegir entre una c\u00f3moda cama doble (140\u00d7200 cm) o dos acogedoras camas individuales (90\u00d7200 cm), seg\u00fan tus necesidades.  Equipadas con aire acondicionado, suelo de parquet, TV, minibar y WiFi r\u00e1pido\" \/>\n<meta name=\"robots\" content=\"index, follow, max-snippet:-1, max-image-preview:large, max-video-preview:-1\" \/>\n<link rel=\"canonical\" href=\"https:\/\/www.hotelgammamilano.it\/es\/habitaciones\/habitaciones-matrimonial-dobles\/\" \/>\n<meta property=\"og:locale\" content=\"es_ES\" \/>\n<meta property=\"og:type\" content=\"article\" \/>\n<meta property=\"og:title\" content=\"Habitaciones Matrimonial o Dobles &#8211; Hotel Gamma Milano\" \/>\n<meta property=\"og:description\" content=\"Nuestras Habitaciones Dobles y Twin son perfectas para parejas, colegas o amigos que viajan juntos. Puedes elegir entre una c\u00f3moda cama doble (140\u00d7200 cm) o dos acogedoras camas individuales (90\u00d7200 cm), seg\u00fan tus necesidades.  Equipadas con aire acondicionado, suelo de parquet, TV, minibar y WiFi r\u00e1pido\" \/>\n<meta property=\"og:url\" content=\"https:\/\/www.hotelgammamilano.it\/es\/habitaciones\/habitaciones-matrimonial-dobles\/\" \/>\n<meta property=\"og:site_name\" content=\"Hotel Gamma Milano\" \/>\n<meta property=\"article:modified_time\" content=\"2026-01-21T15:39:48+00:00\" \/>\n<meta property=\"og:image\" content=\"https:\/\/www.hotelgammamilano.it\/wp-content\/uploads\/sites\/16\/2025\/12\/Facciata-14.jpg\" \/>\n\t<meta property=\"og:image:width\" content=\"2200\" \/>\n\t<meta property=\"og:image:height\" content=\"1525\" \/>\n\t<meta property=\"og:image:type\" content=\"image\/jpeg\" \/>\n<meta name=\"twitter:card\" content=\"summary_large_image\" \/>\n<meta name=\"twitter:label1\" content=\"Est. reading time\" \/>\n\t<meta name=\"twitter:data1\" content=\"1 minuto\" \/>\n<script type=\"application\/ld+json\" class=\"yoast-schema-graph\">{\"@context\":\"https:\/\/schema.org\",\"@graph\":[{\"@type\":\"WebPage\",\"@id\":\"https:\/\/www.hotelgammamilano.it\/es\/habitaciones\/habitaciones-matrimonial-dobles\/\",\"url\":\"https:\/\/www.hotelgammamilano.it\/es\/habitaciones\/habitaciones-matrimonial-dobles\/\",\"name\":\"Habitaciones Matrimonial o Dobles &#8211; Hotel Gamma Milano\",\"isPartOf\":{\"@id\":\"https:\/\/www.hotelgammamilano.it\/es\/#website\"},\"datePublished\":\"2025-11-19T15:33:22+00:00\",\"dateModified\":\"2026-01-21T15:39:48+00:00\",\"description\":\"Nuestras Habitaciones Dobles y Twin son perfectas para parejas, colegas o amigos que viajan juntos. Puedes elegir entre una c\u00f3moda cama doble (140\u00d7200 cm) o dos acogedoras camas individuales (90\u00d7200 cm), seg\u00fan tus necesidades. Equipadas con aire acondicionado, suelo de parquet, TV, minibar y WiFi r\u00e1pido\",\"breadcrumb\":{\"@id\":\"https:\/\/www.hotelgammamilano.it\/es\/habitaciones\/habitaciones-matrimonial-dobles\/#breadcrumb\"},\"inLanguage\":\"es\",\"potentialAction\":[{\"@type\":\"ReadAction\",\"target\":[\"https:\/\/www.hotelgammamilano.it\/es\/habitaciones\/habitaciones-matrimonial-dobles\/\"]}]},{\"@type\":\"BreadcrumbList\",\"@id\":\"https:\/\/www.hotelgammamilano.it\/es\/habitaciones\/habitaciones-matrimonial-dobles\/#breadcrumb\",\"itemListElement\":[{\"@type\":\"ListItem\",\"position\":1,\"name\":\"Home\",\"item\":\"https:\/\/www.hotelgammamilano.it\/es\/\"},{\"@type\":\"ListItem\",\"position\":2,\"name\":\"Habitaciones\",\"item\":\"https:\/\/www.hotelgammamilano.it\/es\/habitaciones\/\"},{\"@type\":\"ListItem\",\"position\":3,\"name\":\"Habitaciones Matrimonial o Dobles\"}]},{\"@type\":\"WebSite\",\"@id\":\"https:\/\/www.hotelgammamilano.it\/es\/#website\",\"url\":\"https:\/\/www.hotelgammamilano.it\/es\/\",\"name\":\"Hotel Gamma Milano\",\"description\":\"\",\"publisher\":{\"@id\":\"https:\/\/www.hotelgammamilano.it\/es\/#organization\"},\"alternateName\":\"Hotel Gamma Milano\",\"potentialAction\":[{\"@type\":\"SearchAction\",\"target\":{\"@type\":\"EntryPoint\",\"urlTemplate\":\"https:\/\/www.hotelgammamilano.it\/es\/?s={search_term_string}\"},\"query-input\":{\"@type\":\"PropertyValueSpecification\",\"valueRequired\":true,\"valueName\":\"search_term_string\"}}],\"inLanguage\":\"es\"},{\"@type\":\"Organization\",\"@id\":\"https:\/\/www.hotelgammamilano.it\/es\/#organization\",\"name\":\"Hotel Gamma Milano\",\"alternateName\":\"Hotel Gamma Milano\",\"url\":\"https:\/\/www.hotelgammamilano.it\/es\/\",\"logo\":{\"@type\":\"ImageObject\",\"inLanguage\":\"es\",\"@id\":\"https:\/\/www.hotelgammamilano.it\/es\/#\/schema\/logo\/image\/\",\"url\":\"http:\/\/hotel-gamma-milano.ms3.decms.eu\/wp-content\/uploads\/sites\/16\/2026\/01\/logo_gold.png\",\"contentUrl\":\"http:\/\/hotel-gamma-milano.ms3.decms.eu\/wp-content\/uploads\/sites\/16\/2026\/01\/logo_gold.png\",\"width\":994,\"height\":254,\"caption\":\"Hotel Gamma Milano\"},\"image\":{\"@id\":\"https:\/\/www.hotelgammamilano.it\/es\/#\/schema\/logo\/image\/\"}}]}<\/script>\n<!-- \/ Yoast SEO plugin. -->","yoast_head_json":{"title":"Habitaciones Matrimonial o Dobles &#8211; Hotel Gamma Milano","description":"Nuestras Habitaciones Dobles y Twin son perfectas para parejas, colegas o amigos que viajan juntos. Puedes elegir entre una c\u00f3moda cama doble (140\u00d7200 cm) o dos acogedoras camas individuales (90\u00d7200 cm), seg\u00fan tus necesidades.  Equipadas con aire acondicionado, suelo de parquet, TV, minibar y WiFi r\u00e1pido","robots":{"index":"index","follow":"follow","max-snippet":"max-snippet:-1","max-image-preview":"max-image-preview:large","max-video-preview":"max-video-preview:-1"},"canonical":"https:\/\/www.hotelgammamilano.it\/es\/habitaciones\/habitaciones-matrimonial-dobles\/","og_locale":"es_ES","og_type":"article","og_title":"Habitaciones Matrimonial o Dobles &#8211; Hotel Gamma Milano","og_description":"Nuestras Habitaciones Dobles y Twin son perfectas para parejas, colegas o amigos que viajan juntos. Puedes elegir entre una c\u00f3moda cama doble (140\u00d7200 cm) o dos acogedoras camas individuales (90\u00d7200 cm), seg\u00fan tus necesidades.  Equipadas con aire acondicionado, suelo de parquet, TV, minibar y WiFi r\u00e1pido","og_url":"https:\/\/www.hotelgammamilano.it\/es\/habitaciones\/habitaciones-matrimonial-dobles\/","og_site_name":"Hotel Gamma Milano","article_modified_time":"2026-01-21T15:39:48+00:00","og_image":[{"width":2200,"height":1525,"url":"https:\/\/www.hotelgammamilano.it\/wp-content\/uploads\/sites\/16\/2025\/12\/Facciata-14.jpg","type":"image\/jpeg"}],"twitter_card":"summary_large_image","twitter_misc":{"Est. reading time":"1 minuto"},"schema":{"@context":"https:\/\/schema.org","@graph":[{"@type":"WebPage","@id":"https:\/\/www.hotelgammamilano.it\/es\/habitaciones\/habitaciones-matrimonial-dobles\/","url":"https:\/\/www.hotelgammamilano.it\/es\/habitaciones\/habitaciones-matrimonial-dobles\/","name":"Habitaciones Matrimonial o Dobles &#8211; Hotel Gamma Milano","isPartOf":{"@id":"https:\/\/www.hotelgammamilano.it\/es\/#website"},"datePublished":"2025-11-19T15:33:22+00:00","dateModified":"2026-01-21T15:39:48+00:00","description":"Nuestras Habitaciones Dobles y Twin son perfectas para parejas, colegas o amigos que viajan juntos. Puedes elegir entre una c\u00f3moda cama doble (140\u00d7200 cm) o dos acogedoras camas individuales (90\u00d7200 cm), seg\u00fan tus necesidades. Equipadas con aire acondicionado, suelo de parquet, TV, minibar y WiFi r\u00e1pido","breadcrumb":{"@id":"https:\/\/www.hotelgammamilano.it\/es\/habitaciones\/habitaciones-matrimonial-dobles\/#breadcrumb"},"inLanguage":"es","potentialAction":[{"@type":"ReadAction","target":["https:\/\/www.hotelgammamilano.it\/es\/habitaciones\/habitaciones-matrimonial-dobles\/"]}]},{"@type":"BreadcrumbList","@id":"https:\/\/www.hotelgammamilano.it\/es\/habitaciones\/habitaciones-matrimonial-dobles\/#breadcrumb","itemListElement":[{"@type":"ListItem","position":1,"name":"Home","item":"https:\/\/www.hotelgammamilano.it\/es\/"},{"@type":"ListItem","position":2,"name":"Habitaciones","item":"https:\/\/www.hotelgammamilano.it\/es\/habitaciones\/"},{"@type":"ListItem","position":3,"name":"Habitaciones Matrimonial o Dobles"}]},{"@type":"WebSite","@id":"https:\/\/www.hotelgammamilano.it\/es\/#website","url":"https:\/\/www.hotelgammamilano.it\/es\/","name":"Hotel Gamma Milano","description":"","publisher":{"@id":"https:\/\/www.hotelgammamilano.it\/es\/#organization"},"alternateName":"Hotel Gamma Milano","potentialAction":[{"@type":"SearchAction","target":{"@type":"EntryPoint","urlTemplate":"https:\/\/www.hotelgammamilano.it\/es\/?s={search_term_string}"},"query-input":{"@type":"PropertyValueSpecification","valueRequired":true,"valueName":"search_term_string"}}],"inLanguage":"es"},{"@type":"Organization","@id":"https:\/\/www.hotelgammamilano.it\/es\/#organization","name":"Hotel Gamma Milano","alternateName":"Hotel Gamma Milano","url":"https:\/\/www.hotelgammamilano.it\/es\/","logo":{"@type":"ImageObject","inLanguage":"es","@id":"https:\/\/www.hotelgammamilano.it\/es\/#\/schema\/logo\/image\/","url":"http:\/\/hotel-gamma-milano.ms3.decms.eu\/wp-content\/uploads\/sites\/16\/2026\/01\/logo_gold.png","contentUrl":"http:\/\/hotel-gamma-milano.ms3.decms.eu\/wp-content\/uploads\/sites\/16\/2026\/01\/logo_gold.png","width":994,"height":254,"caption":"Hotel Gamma Milano"},"image":{"@id":"https:\/\/www.hotelgammamilano.it\/es\/#\/schema\/logo\/image\/"}}]}},"acf":[],"_links":{"self":[{"href":"https:\/\/www.hotelgammamilano.it\/es\/wp-json\/wp\/v2\/pages\/158","targetHints":{"allow":["GET"]}}],"collection":[{"href":"https:\/\/www.hotelgammamilano.it\/es\/wp-json\/wp\/v2\/pages"}],"about":[{"href":"https:\/\/www.hotelgammamilano.it\/es\/wp-json\/wp\/v2\/types\/page"}],"author":[{"embeddable":true,"href":"https:\/\/www.hotelgammamilano.it\/es\/wp-json\/wp\/v2\/users\/9"}],"replies":[{"embeddable":true,"href":"https:\/\/www.hotelgammamilano.it\/es\/wp-json\/wp\/v2\/comments?post=158"}],"version-history":[{"count":0,"href":"https:\/\/www.hotelgammamilano.it\/es\/wp-json\/wp\/v2\/pages\/158\/revisions"}],"up":[{"embeddable":true,"href":"https:\/\/www.hotelgammamilano.it\/es\/wp-json\/wp\/v2\/pages\/164"}],"wp:attachment":[{"href":"https:\/\/www.hotelgammamilano.it\/es\/wp-json\/wp\/v2\/media?parent=158"}],"curies":[{"name":"wp","href":"https:\/\/api.w.org\/{rel}","templated":true}]}}