{"id":164,"date":"2025-11-19T15:22:09","date_gmt":"2025-11-19T15:22:09","guid":{"rendered":"http:\/\/hotel-gamma-milano.ms3.decms.eu\/?page_id=164"},"modified":"2026-01-21T17:17:39","modified_gmt":"2026-01-21T17:17:39","slug":"habitaciones","status":"publish","type":"page","link":"https:\/\/www.hotelgammamilano.it\/es\/habitaciones\/","title":{"rendered":"Habitaciones"},"content":{"rendered":"<p>Situado cerca de la estaci\u00f3n de metro de Lambrate, nuestro <strong>hotel en Mil\u00e1n<\/strong> ofrece f\u00e1cil acceso a la ciudad, ya sea que est\u00e9s aqu\u00ed para asistir a una reuni\u00f3n o simplemente quieras visitar lugares ic\u00f3nicos como el <em>Duomo di Milano<\/em>.<\/p>\n<p>Elijas la habitaci\u00f3n que elijas en nuestro hotel de Mil\u00e1n, un delicioso desayuno buffet est\u00e1 incluido en el precio. Comienza el d\u00eda con una amplia variedad de opciones dulces y saladas, desde croissants crujientes hasta huevos revueltos, y desde capuchino hasta zumo fresco.<\/p>\n","protected":false},"excerpt":{"rendered":"<p>Situado cerca de la estaci\u00f3n de metro de Lambrate, nuestro hotel en Mil\u00e1n ofrece f\u00e1cil acceso a la ciudad, ya sea que est\u00e9s aqu\u00ed para asistir a una reuni\u00f3n o simplemente quieras visitar lugares ic\u00f3nicos como el Duomo di Milano. Elijas la habitaci\u00f3n que elijas en nuestro hotel de Mil\u00e1n, un delicioso desayuno buffet est\u00e1 [&hellip;]<\/p>\n","protected":false},"author":9,"featured_media":0,"parent":0,"menu_order":5,"comment_status":"closed","ping_status":"closed","template":"template-rooms.php","meta":{"footnotes":""},"class_list":["post-164","page","type-page","status-publish","hentry"],"yoast_head":"<!-- This site is optimized with the Yoast SEO plugin v26.9 - https:\/\/yoast.com\/product\/yoast-seo-wordpress\/ -->\n<title>Habitaciones &#8211; Hotel Gamma Milano<\/title>\n<meta name=\"description\" content=\"Situado cerca de la estaci\u00f3n de metro de Lambrate, nuestro hotel en Mil\u00e1n ofrece f\u00e1cil acceso a la ciudad, ya sea que est\u00e9s aqu\u00ed para asistir a una reuni\u00f3n o simplemente quieras visitar lugares ic\u00f3nicos como el Duomo di Milano.  Elijas la habitaci\u00f3n que elijas en nuestro hotel de Mil\u00e1n, un delicioso desayuno buffet est\u00e1 incluido en el precio. Comienza el d\u00eda con una amplia variedad de opciones dulces y saladas, desde croissants crujientes hasta huevos revueltos, y desde capuchino hasta zumo fresco.\" \/>\n<meta name=\"robots\" content=\"index, follow, max-snippet:-1, max-image-preview:large, max-video-preview:-1\" \/>\n<link rel=\"canonical\" href=\"https:\/\/www.hotelgammamilano.it\/es\/habitaciones\/\" \/>\n<meta property=\"og:locale\" content=\"es_ES\" \/>\n<meta property=\"og:type\" content=\"article\" \/>\n<meta property=\"og:title\" content=\"Habitaciones &#8211; Hotel Gamma Milano\" \/>\n<meta property=\"og:description\" content=\"Situado cerca de la estaci\u00f3n de metro de Lambrate, nuestro hotel en Mil\u00e1n ofrece f\u00e1cil acceso a la ciudad, ya sea que est\u00e9s aqu\u00ed para asistir a una reuni\u00f3n o simplemente quieras visitar lugares ic\u00f3nicos como el Duomo di Milano.  Elijas la habitaci\u00f3n que elijas en nuestro hotel de Mil\u00e1n, un delicioso desayuno buffet est\u00e1 incluido en el precio. Comienza el d\u00eda con una amplia variedad de opciones dulces y saladas, desde croissants crujientes hasta huevos revueltos, y desde capuchino hasta zumo fresco.\" \/>\n<meta property=\"og:url\" content=\"https:\/\/www.hotelgammamilano.it\/es\/habitaciones\/\" \/>\n<meta property=\"og:site_name\" content=\"Hotel Gamma Milano\" \/>\n<meta property=\"article:modified_time\" content=\"2026-01-21T17:17:39+00:00\" \/>\n<meta property=\"og:image\" content=\"https:\/\/www.hotelgammamilano.it\/wp-content\/uploads\/sites\/16\/2025\/12\/Facciata-14.jpg\" \/>\n\t<meta property=\"og:image:width\" content=\"2200\" \/>\n\t<meta property=\"og:image:height\" content=\"1525\" \/>\n\t<meta property=\"og:image:type\" content=\"image\/jpeg\" \/>\n<meta name=\"twitter:card\" content=\"summary_large_image\" \/>\n<meta name=\"twitter:label1\" content=\"Est. reading time\" \/>\n\t<meta name=\"twitter:data1\" content=\"1 minuto\" \/>\n<script type=\"application\/ld+json\" class=\"yoast-schema-graph\">{\"@context\":\"https:\/\/schema.org\",\"@graph\":[{\"@type\":\"WebPage\",\"@id\":\"https:\/\/www.hotelgammamilano.it\/es\/habitaciones\/\",\"url\":\"https:\/\/www.hotelgammamilano.it\/es\/habitaciones\/\",\"name\":\"Habitaciones &#8211; Hotel Gamma Milano\",\"isPartOf\":{\"@id\":\"https:\/\/www.hotelgammamilano.it\/es\/#website\"},\"datePublished\":\"2025-11-19T15:22:09+00:00\",\"dateModified\":\"2026-01-21T17:17:39+00:00\",\"description\":\"Situado cerca de la estaci\u00f3n de metro de Lambrate, nuestro hotel en Mil\u00e1n ofrece f\u00e1cil acceso a la ciudad, ya sea que est\u00e9s aqu\u00ed para asistir a una reuni\u00f3n o simplemente quieras visitar lugares ic\u00f3nicos como el Duomo di Milano. Elijas la habitaci\u00f3n que elijas en nuestro hotel de Mil\u00e1n, un delicioso desayuno buffet est\u00e1 incluido en el precio. Comienza el d\u00eda con una amplia variedad de opciones dulces y saladas, desde croissants crujientes hasta huevos revueltos, y desde capuchino hasta zumo fresco.\",\"breadcrumb\":{\"@id\":\"https:\/\/www.hotelgammamilano.it\/es\/habitaciones\/#breadcrumb\"},\"inLanguage\":\"es\",\"potentialAction\":[{\"@type\":\"ReadAction\",\"target\":[\"https:\/\/www.hotelgammamilano.it\/es\/habitaciones\/\"]}]},{\"@type\":\"BreadcrumbList\",\"@id\":\"https:\/\/www.hotelgammamilano.it\/es\/habitaciones\/#breadcrumb\",\"itemListElement\":[{\"@type\":\"ListItem\",\"position\":1,\"name\":\"Home\",\"item\":\"https:\/\/www.hotelgammamilano.it\/es\/\"},{\"@type\":\"ListItem\",\"position\":2,\"name\":\"Habitaciones\"}]},{\"@type\":\"WebSite\",\"@id\":\"https:\/\/www.hotelgammamilano.it\/es\/#website\",\"url\":\"https:\/\/www.hotelgammamilano.it\/es\/\",\"name\":\"Hotel Gamma Milano\",\"description\":\"\",\"publisher\":{\"@id\":\"https:\/\/www.hotelgammamilano.it\/es\/#organization\"},\"alternateName\":\"Hotel Gamma Milano\",\"potentialAction\":[{\"@type\":\"SearchAction\",\"target\":{\"@type\":\"EntryPoint\",\"urlTemplate\":\"https:\/\/www.hotelgammamilano.it\/es\/?s={search_term_string}\"},\"query-input\":{\"@type\":\"PropertyValueSpecification\",\"valueRequired\":true,\"valueName\":\"search_term_string\"}}],\"inLanguage\":\"es\"},{\"@type\":\"Organization\",\"@id\":\"https:\/\/www.hotelgammamilano.it\/es\/#organization\",\"name\":\"Hotel Gamma Milano\",\"alternateName\":\"Hotel Gamma Milano\",\"url\":\"https:\/\/www.hotelgammamilano.it\/es\/\",\"logo\":{\"@type\":\"ImageObject\",\"inLanguage\":\"es\",\"@id\":\"https:\/\/www.hotelgammamilano.it\/es\/#\/schema\/logo\/image\/\",\"url\":\"http:\/\/hotel-gamma-milano.ms3.decms.eu\/wp-content\/uploads\/sites\/16\/2026\/01\/logo_gold.png\",\"contentUrl\":\"http:\/\/hotel-gamma-milano.ms3.decms.eu\/wp-content\/uploads\/sites\/16\/2026\/01\/logo_gold.png\",\"width\":994,\"height\":254,\"caption\":\"Hotel Gamma Milano\"},\"image\":{\"@id\":\"https:\/\/www.hotelgammamilano.it\/es\/#\/schema\/logo\/image\/\"}}]}<\/script>\n<!-- \/ Yoast SEO plugin. -->","yoast_head_json":{"title":"Habitaciones &#8211; Hotel Gamma Milano","description":"Situado cerca de la estaci\u00f3n de metro de Lambrate, nuestro hotel en Mil\u00e1n ofrece f\u00e1cil acceso a la ciudad, ya sea que est\u00e9s aqu\u00ed para asistir a una reuni\u00f3n o simplemente quieras visitar lugares ic\u00f3nicos como el Duomo di Milano.  Elijas la habitaci\u00f3n que elijas en nuestro hotel de Mil\u00e1n, un delicioso desayuno buffet est\u00e1 incluido en el precio. Comienza el d\u00eda con una amplia variedad de opciones dulces y saladas, desde croissants crujientes hasta huevos revueltos, y desde capuchino hasta zumo fresco.","robots":{"index":"index","follow":"follow","max-snippet":"max-snippet:-1","max-image-preview":"max-image-preview:large","max-video-preview":"max-video-preview:-1"},"canonical":"https:\/\/www.hotelgammamilano.it\/es\/habitaciones\/","og_locale":"es_ES","og_type":"article","og_title":"Habitaciones &#8211; Hotel Gamma Milano","og_description":"Situado cerca de la estaci\u00f3n de metro de Lambrate, nuestro hotel en Mil\u00e1n ofrece f\u00e1cil acceso a la ciudad, ya sea que est\u00e9s aqu\u00ed para asistir a una reuni\u00f3n o simplemente quieras visitar lugares ic\u00f3nicos como el Duomo di Milano.  Elijas la habitaci\u00f3n que elijas en nuestro hotel de Mil\u00e1n, un delicioso desayuno buffet est\u00e1 incluido en el precio. Comienza el d\u00eda con una amplia variedad de opciones dulces y saladas, desde croissants crujientes hasta huevos revueltos, y desde capuchino hasta zumo fresco.","og_url":"https:\/\/www.hotelgammamilano.it\/es\/habitaciones\/","og_site_name":"Hotel Gamma Milano","article_modified_time":"2026-01-21T17:17:39+00:00","og_image":[{"width":2200,"height":1525,"url":"https:\/\/www.hotelgammamilano.it\/wp-content\/uploads\/sites\/16\/2025\/12\/Facciata-14.jpg","type":"image\/jpeg"}],"twitter_card":"summary_large_image","twitter_misc":{"Est. reading time":"1 minuto"},"schema":{"@context":"https:\/\/schema.org","@graph":[{"@type":"WebPage","@id":"https:\/\/www.hotelgammamilano.it\/es\/habitaciones\/","url":"https:\/\/www.hotelgammamilano.it\/es\/habitaciones\/","name":"Habitaciones &#8211; Hotel Gamma Milano","isPartOf":{"@id":"https:\/\/www.hotelgammamilano.it\/es\/#website"},"datePublished":"2025-11-19T15:22:09+00:00","dateModified":"2026-01-21T17:17:39+00:00","description":"Situado cerca de la estaci\u00f3n de metro de Lambrate, nuestro hotel en Mil\u00e1n ofrece f\u00e1cil acceso a la ciudad, ya sea que est\u00e9s aqu\u00ed para asistir a una reuni\u00f3n o simplemente quieras visitar lugares ic\u00f3nicos como el Duomo di Milano. Elijas la habitaci\u00f3n que elijas en nuestro hotel de Mil\u00e1n, un delicioso desayuno buffet est\u00e1 incluido en el precio. Comienza el d\u00eda con una amplia variedad de opciones dulces y saladas, desde croissants crujientes hasta huevos revueltos, y desde capuchino hasta zumo fresco.","breadcrumb":{"@id":"https:\/\/www.hotelgammamilano.it\/es\/habitaciones\/#breadcrumb"},"inLanguage":"es","potentialAction":[{"@type":"ReadAction","target":["https:\/\/www.hotelgammamilano.it\/es\/habitaciones\/"]}]},{"@type":"BreadcrumbList","@id":"https:\/\/www.hotelgammamilano.it\/es\/habitaciones\/#breadcrumb","itemListElement":[{"@type":"ListItem","position":1,"name":"Home","item":"https:\/\/www.hotelgammamilano.it\/es\/"},{"@type":"ListItem","position":2,"name":"Habitaciones"}]},{"@type":"WebSite","@id":"https:\/\/www.hotelgammamilano.it\/es\/#website","url":"https:\/\/www.hotelgammamilano.it\/es\/","name":"Hotel Gamma Milano","description":"","publisher":{"@id":"https:\/\/www.hotelgammamilano.it\/es\/#organization"},"alternateName":"Hotel Gamma Milano","potentialAction":[{"@type":"SearchAction","target":{"@type":"EntryPoint","urlTemplate":"https:\/\/www.hotelgammamilano.it\/es\/?s={search_term_string}"},"query-input":{"@type":"PropertyValueSpecification","valueRequired":true,"valueName":"search_term_string"}}],"inLanguage":"es"},{"@type":"Organization","@id":"https:\/\/www.hotelgammamilano.it\/es\/#organization","name":"Hotel Gamma Milano","alternateName":"Hotel Gamma Milano","url":"https:\/\/www.hotelgammamilano.it\/es\/","logo":{"@type":"ImageObject","inLanguage":"es","@id":"https:\/\/www.hotelgammamilano.it\/es\/#\/schema\/logo\/image\/","url":"http:\/\/hotel-gamma-milano.ms3.decms.eu\/wp-content\/uploads\/sites\/16\/2026\/01\/logo_gold.png","contentUrl":"http:\/\/hotel-gamma-milano.ms3.decms.eu\/wp-content\/uploads\/sites\/16\/2026\/01\/logo_gold.png","width":994,"height":254,"caption":"Hotel Gamma Milano"},"image":{"@id":"https:\/\/www.hotelgammamilano.it\/es\/#\/schema\/logo\/image\/"}}]}},"acf":[],"_links":{"self":[{"href":"https:\/\/www.hotelgammamilano.it\/es\/wp-json\/wp\/v2\/pages\/164","targetHints":{"allow":["GET"]}}],"collection":[{"href":"https:\/\/www.hotelgammamilano.it\/es\/wp-json\/wp\/v2\/pages"}],"about":[{"href":"https:\/\/www.hotelgammamilano.it\/es\/wp-json\/wp\/v2\/types\/page"}],"author":[{"embeddable":true,"href":"https:\/\/www.hotelgammamilano.it\/es\/wp-json\/wp\/v2\/users\/9"}],"replies":[{"embeddable":true,"href":"https:\/\/www.hotelgammamilano.it\/es\/wp-json\/wp\/v2\/comments?post=164"}],"version-history":[{"count":0,"href":"https:\/\/www.hotelgammamilano.it\/es\/wp-json\/wp\/v2\/pages\/164\/revisions"}],"wp:attachment":[{"href":"https:\/\/www.hotelgammamilano.it\/es\/wp-json\/wp\/v2\/media?parent=164"}],"curies":[{"name":"wp","href":"https:\/\/api.w.org\/{rel}","templated":true}]}}