{"id":167,"date":"2025-11-17T09:39:37","date_gmt":"2025-11-17T09:39:37","guid":{"rendered":"http:\/\/hotel-gamma-milano.ms3.decms.eu\/?page_id=167"},"modified":"2026-03-05T12:48:10","modified_gmt":"2026-03-05T12:48:10","slug":"bienvenidos-al-hotel-gamma","status":"publish","type":"page","link":"https:\/\/www.hotelgammamilano.it\/es\/","title":{"rendered":"Bienvenidos al Hotel Gamma"},"content":{"rendered":"<p>Nuestro <strong>hotel 3 estrellas en el distrito Lambrate-Citt\u00e0 Studi de Mil\u00e1n<\/strong> combina el estilo atemporal de la ciudad con una elegancia minimalista. Decorados con c\u00e1lidos tonos beige y grises y amueblados con muebles de dise\u00f1o, los interiores crean un look refinado y esencial. Cada espacio est\u00e1 adornado con plantas que infunden calidez a la atm\u00f3sfera, por lo que todo el hotel resulta tanto elegante como urbano.<\/p>\n<p>Alojarse en el Hotel Gamma significa tener todo lo que necesitas al alcance de la mano: habitaciones impecables, camas confortables y \u00e1reas comunes donde puedes trabajar, reunirte o relajarte. Es una experiencia sencilla y cuidada para viajeros que buscan un <strong>hotel 3 estrellas en Citt\u00e0 Studi en Mil\u00e1n<\/strong> que equilibre confort y un sentido moderno del lugar.<\/p>\n","protected":false},"excerpt":{"rendered":"<p>Nuestro hotel 3 estrellas en el distrito Lambrate-Citt\u00e0 Studi de Mil\u00e1n combina el estilo atemporal de la ciudad con una elegancia minimalista. Decorados con c\u00e1lidos tonos beige y grises y amueblados con muebles de dise\u00f1o, los interiores crean un look refinado y esencial. Cada espacio est\u00e1 adornado con plantas que infunden calidez a la atm\u00f3sfera, [&hellip;]<\/p>\n","protected":false},"author":9,"featured_media":0,"parent":0,"menu_order":0,"comment_status":"closed","ping_status":"closed","template":"","meta":{"footnotes":""},"class_list":["post-167","page","type-page","status-publish","hentry"],"yoast_head":"<!-- This site is optimized with the Yoast SEO plugin v26.9 - https:\/\/yoast.com\/product\/yoast-seo-wordpress\/ -->\n<title>Bienvenidos al Hotel Gamma &#8211; Hotel Gamma Milano<\/title>\n<meta name=\"description\" content=\"Nuestro hotel 3 estrellas en el distrito Lambrate-Citt\u00e0 Studi de Mil\u00e1n combina el estilo atemporal de la ciudad con una elegancia minimalista. Decorados con c\u00e1lidos tonos beige y grises y amueblados con muebles de dise\u00f1o, los interiores crean un look refinado y esencial\" \/>\n<meta name=\"robots\" content=\"index, follow, max-snippet:-1, max-image-preview:large, max-video-preview:-1\" \/>\n<link rel=\"canonical\" href=\"https:\/\/www.hotelgammamilano.it\/es\/\" \/>\n<meta property=\"og:locale\" content=\"es_ES\" \/>\n<meta property=\"og:type\" content=\"article\" \/>\n<meta property=\"og:title\" content=\"Bienvenidos al Hotel Gamma &#8211; Hotel Gamma Milano\" \/>\n<meta property=\"og:description\" content=\"Nuestro hotel 3 estrellas en el distrito Lambrate-Citt\u00e0 Studi de Mil\u00e1n combina el estilo atemporal de la ciudad con una elegancia minimalista. Decorados con c\u00e1lidos tonos beige y grises y amueblados con muebles de dise\u00f1o, los interiores crean un look refinado y esencial\" \/>\n<meta property=\"og:url\" content=\"https:\/\/www.hotelgammamilano.it\/es\/\" \/>\n<meta property=\"og:site_name\" content=\"Hotel Gamma Milano\" \/>\n<meta property=\"article:modified_time\" content=\"2026-03-05T12:48:10+00:00\" \/>\n<meta property=\"og:image\" content=\"https:\/\/www.hotelgammamilano.it\/wp-content\/uploads\/sites\/16\/2025\/12\/Facciata-14.jpg\" \/>\n\t<meta property=\"og:image:width\" content=\"2200\" \/>\n\t<meta property=\"og:image:height\" content=\"1525\" \/>\n\t<meta property=\"og:image:type\" content=\"image\/jpeg\" \/>\n<meta name=\"twitter:card\" content=\"summary_large_image\" \/>\n<meta name=\"twitter:label1\" content=\"Est. reading time\" \/>\n\t<meta name=\"twitter:data1\" content=\"1 minuto\" \/>\n<script type=\"application\/ld+json\" class=\"yoast-schema-graph\">{\"@context\":\"https:\/\/schema.org\",\"@graph\":[{\"@type\":\"WebPage\",\"@id\":\"https:\/\/www.hotelgammamilano.it\/es\/\",\"url\":\"https:\/\/www.hotelgammamilano.it\/es\/\",\"name\":\"Bienvenidos al Hotel Gamma &#8211; Hotel Gamma Milano\",\"isPartOf\":{\"@id\":\"https:\/\/www.hotelgammamilano.it\/es\/#website\"},\"datePublished\":\"2025-11-17T09:39:37+00:00\",\"dateModified\":\"2026-03-05T12:48:10+00:00\",\"description\":\"Nuestro hotel 3 estrellas en el distrito Lambrate-Citt\u00e0 Studi de Mil\u00e1n combina el estilo atemporal de la ciudad con una elegancia minimalista. Decorados con c\u00e1lidos tonos beige y grises y amueblados con muebles de dise\u00f1o, los interiores crean un look refinado y esencial\",\"breadcrumb\":{\"@id\":\"https:\/\/www.hotelgammamilano.it\/es\/#breadcrumb\"},\"inLanguage\":\"es\",\"potentialAction\":[{\"@type\":\"ReadAction\",\"target\":[\"https:\/\/www.hotelgammamilano.it\/es\/\"]}]},{\"@type\":\"BreadcrumbList\",\"@id\":\"https:\/\/www.hotelgammamilano.it\/es\/#breadcrumb\",\"itemListElement\":[{\"@type\":\"ListItem\",\"position\":1,\"name\":\"Home\",\"item\":\"https:\/\/www.hotelgammamilano.it\/es\/\"},{\"@type\":\"ListItem\",\"position\":2,\"name\":\"Bienvenidos al Hotel Gamma\"}]},{\"@type\":\"WebSite\",\"@id\":\"https:\/\/www.hotelgammamilano.it\/es\/#website\",\"url\":\"https:\/\/www.hotelgammamilano.it\/es\/\",\"name\":\"Hotel Gamma Milano\",\"description\":\"\",\"publisher\":{\"@id\":\"https:\/\/www.hotelgammamilano.it\/es\/#organization\"},\"alternateName\":\"Hotel Gamma Milano\",\"potentialAction\":[{\"@type\":\"SearchAction\",\"target\":{\"@type\":\"EntryPoint\",\"urlTemplate\":\"https:\/\/www.hotelgammamilano.it\/es\/?s={search_term_string}\"},\"query-input\":{\"@type\":\"PropertyValueSpecification\",\"valueRequired\":true,\"valueName\":\"search_term_string\"}}],\"inLanguage\":\"es\"},{\"@type\":\"Organization\",\"@id\":\"https:\/\/www.hotelgammamilano.it\/es\/#organization\",\"name\":\"Hotel Gamma Milano\",\"alternateName\":\"Hotel Gamma Milano\",\"url\":\"https:\/\/www.hotelgammamilano.it\/es\/\",\"logo\":{\"@type\":\"ImageObject\",\"inLanguage\":\"es\",\"@id\":\"https:\/\/www.hotelgammamilano.it\/es\/#\/schema\/logo\/image\/\",\"url\":\"http:\/\/hotel-gamma-milano.ms3.decms.eu\/wp-content\/uploads\/sites\/16\/2026\/01\/logo_gold.png\",\"contentUrl\":\"http:\/\/hotel-gamma-milano.ms3.decms.eu\/wp-content\/uploads\/sites\/16\/2026\/01\/logo_gold.png\",\"width\":994,\"height\":254,\"caption\":\"Hotel Gamma Milano\"},\"image\":{\"@id\":\"https:\/\/www.hotelgammamilano.it\/es\/#\/schema\/logo\/image\/\"}}]}<\/script>\n<!-- \/ Yoast SEO plugin. -->","yoast_head_json":{"title":"Bienvenidos al Hotel Gamma &#8211; Hotel Gamma Milano","description":"Nuestro hotel 3 estrellas en el distrito Lambrate-Citt\u00e0 Studi de Mil\u00e1n combina el estilo atemporal de la ciudad con una elegancia minimalista. Decorados con c\u00e1lidos tonos beige y grises y amueblados con muebles de dise\u00f1o, los interiores crean un look refinado y esencial","robots":{"index":"index","follow":"follow","max-snippet":"max-snippet:-1","max-image-preview":"max-image-preview:large","max-video-preview":"max-video-preview:-1"},"canonical":"https:\/\/www.hotelgammamilano.it\/es\/","og_locale":"es_ES","og_type":"article","og_title":"Bienvenidos al Hotel Gamma &#8211; Hotel Gamma Milano","og_description":"Nuestro hotel 3 estrellas en el distrito Lambrate-Citt\u00e0 Studi de Mil\u00e1n combina el estilo atemporal de la ciudad con una elegancia minimalista. Decorados con c\u00e1lidos tonos beige y grises y amueblados con muebles de dise\u00f1o, los interiores crean un look refinado y esencial","og_url":"https:\/\/www.hotelgammamilano.it\/es\/","og_site_name":"Hotel Gamma Milano","article_modified_time":"2026-03-05T12:48:10+00:00","og_image":[{"width":2200,"height":1525,"url":"https:\/\/www.hotelgammamilano.it\/wp-content\/uploads\/sites\/16\/2025\/12\/Facciata-14.jpg","type":"image\/jpeg"}],"twitter_card":"summary_large_image","twitter_misc":{"Est. reading time":"1 minuto"},"schema":{"@context":"https:\/\/schema.org","@graph":[{"@type":"WebPage","@id":"https:\/\/www.hotelgammamilano.it\/es\/","url":"https:\/\/www.hotelgammamilano.it\/es\/","name":"Bienvenidos al Hotel Gamma &#8211; Hotel Gamma Milano","isPartOf":{"@id":"https:\/\/www.hotelgammamilano.it\/es\/#website"},"datePublished":"2025-11-17T09:39:37+00:00","dateModified":"2026-03-05T12:48:10+00:00","description":"Nuestro hotel 3 estrellas en el distrito Lambrate-Citt\u00e0 Studi de Mil\u00e1n combina el estilo atemporal de la ciudad con una elegancia minimalista. Decorados con c\u00e1lidos tonos beige y grises y amueblados con muebles de dise\u00f1o, los interiores crean un look refinado y esencial","breadcrumb":{"@id":"https:\/\/www.hotelgammamilano.it\/es\/#breadcrumb"},"inLanguage":"es","potentialAction":[{"@type":"ReadAction","target":["https:\/\/www.hotelgammamilano.it\/es\/"]}]},{"@type":"BreadcrumbList","@id":"https:\/\/www.hotelgammamilano.it\/es\/#breadcrumb","itemListElement":[{"@type":"ListItem","position":1,"name":"Home","item":"https:\/\/www.hotelgammamilano.it\/es\/"},{"@type":"ListItem","position":2,"name":"Bienvenidos al Hotel Gamma"}]},{"@type":"WebSite","@id":"https:\/\/www.hotelgammamilano.it\/es\/#website","url":"https:\/\/www.hotelgammamilano.it\/es\/","name":"Hotel Gamma Milano","description":"","publisher":{"@id":"https:\/\/www.hotelgammamilano.it\/es\/#organization"},"alternateName":"Hotel Gamma Milano","potentialAction":[{"@type":"SearchAction","target":{"@type":"EntryPoint","urlTemplate":"https:\/\/www.hotelgammamilano.it\/es\/?s={search_term_string}"},"query-input":{"@type":"PropertyValueSpecification","valueRequired":true,"valueName":"search_term_string"}}],"inLanguage":"es"},{"@type":"Organization","@id":"https:\/\/www.hotelgammamilano.it\/es\/#organization","name":"Hotel Gamma Milano","alternateName":"Hotel Gamma Milano","url":"https:\/\/www.hotelgammamilano.it\/es\/","logo":{"@type":"ImageObject","inLanguage":"es","@id":"https:\/\/www.hotelgammamilano.it\/es\/#\/schema\/logo\/image\/","url":"http:\/\/hotel-gamma-milano.ms3.decms.eu\/wp-content\/uploads\/sites\/16\/2026\/01\/logo_gold.png","contentUrl":"http:\/\/hotel-gamma-milano.ms3.decms.eu\/wp-content\/uploads\/sites\/16\/2026\/01\/logo_gold.png","width":994,"height":254,"caption":"Hotel Gamma Milano"},"image":{"@id":"https:\/\/www.hotelgammamilano.it\/es\/#\/schema\/logo\/image\/"}}]}},"acf":[],"_links":{"self":[{"href":"https:\/\/www.hotelgammamilano.it\/es\/wp-json\/wp\/v2\/pages\/167","targetHints":{"allow":["GET"]}}],"collection":[{"href":"https:\/\/www.hotelgammamilano.it\/es\/wp-json\/wp\/v2\/pages"}],"about":[{"href":"https:\/\/www.hotelgammamilano.it\/es\/wp-json\/wp\/v2\/types\/page"}],"author":[{"embeddable":true,"href":"https:\/\/www.hotelgammamilano.it\/es\/wp-json\/wp\/v2\/users\/9"}],"replies":[{"embeddable":true,"href":"https:\/\/www.hotelgammamilano.it\/es\/wp-json\/wp\/v2\/comments?post=167"}],"version-history":[{"count":0,"href":"https:\/\/www.hotelgammamilano.it\/es\/wp-json\/wp\/v2\/pages\/167\/revisions"}],"wp:attachment":[{"href":"https:\/\/www.hotelgammamilano.it\/es\/wp-json\/wp\/v2\/media?parent=167"}],"curies":[{"name":"wp","href":"https:\/\/api.w.org\/{rel}","templated":true}]}}